{"id":82,"date":"2025-04-01T15:48:18","date_gmt":"2025-04-01T13:48:18","guid":{"rendered":"http:\/\/naxamfs.cluster100.hosting.ovh.net\/?page_id=82"},"modified":"2025-04-29T16:57:38","modified_gmt":"2025-04-29T14:57:38","slug":"qui-sommes-nous","status":"publish","type":"page","link":"https:\/\/naxam.fr\/index.php\/qui-sommes-nous\/","title":{"rendered":"A propos"},"content":{"rendered":"\t\t<div data-elementor-type=\"wp-page\" data-elementor-id=\"82\" class=\"elementor elementor-82\">\n\t\t\t\t<div class=\"elementor-element elementor-element-d0841d2 e-con-full e-flex e-con e-parent\" data-id=\"d0841d2\" data-element_type=\"container\" data-settings=\"{&quot;background_background&quot;:&quot;classic&quot;}\">\n\t\t\t\t<div class=\"elementor-element elementor-element-fe2de2a elementor-widget__width-initial elementor-widget elementor-widget-heading\" data-id=\"fe2de2a\" data-element_type=\"widget\" data-widget_type=\"heading.default\">\n\t\t\t\t<div class=\"elementor-widget-container\">\n\t\t\t\t\t<h2 class=\"elementor-heading-title elementor-size-default\">Qui suis-je ?<\/h2>\t\t\t\t<\/div>\n\t\t\t\t<\/div>\n\t\t\t\t<\/div>\n\t\t<div class=\"elementor-element elementor-element-e343773 e-con-full e-flex e-con e-parent\" data-id=\"e343773\" data-element_type=\"container\" data-settings=\"{&quot;background_background&quot;:&quot;classic&quot;}\">\n\t\t<div class=\"elementor-element elementor-element-826af8b e-con-full e-flex e-con e-child\" data-id=\"826af8b\" data-element_type=\"container\">\n\t\t\t\t<\/div>\n\t\t<div class=\"elementor-element elementor-element-6e25be1 e-con-full e-flex e-con e-child\" data-id=\"6e25be1\" data-element_type=\"container\">\n\t\t\t\t<div class=\"elementor-element elementor-element-34437bb elementor-widget elementor-widget-text-editor\" data-id=\"34437bb\" data-element_type=\"widget\" data-widget_type=\"text-editor.default\">\n\t\t\t\t<div class=\"elementor-widget-container\">\n\t\t\t\t\t\t\t\t\t<p class=\"cvGsUA direction-ltr align-start para-style-body\"><span class=\"OYPEnA font-feature-liga-off font-feature-clig-off font-feature-calt-off text-decoration-none text-strikethrough-none\">Apr\u00e8s <\/span><span class=\"OYPEnA font-feature-liga-off font-feature-clig-off font-feature-calt-off text-decoration-none text-strikethrough-none\">10 ans en cabinet d\u2019audit-conseil Big 4 <\/span><span class=\"OYPEnA font-feature-liga-off font-feature-clig-off font-feature-calt-off text-decoration-none text-strikethrough-none\">en audit financier, projet d\u2019impl\u00e9mentation d\u2019ERP et audit ITGC, en France et au Canada ; plusieurs missions de management de transition et <\/span><span class=\"OYPEnA font-feature-liga-off font-feature-clig-off font-feature-calt-off text-decoration-none text-strikethrough-none\">12 ans en cabinet de recrutement international <\/span><span class=\"OYPEnA font-feature-liga-off font-feature-clig-off font-feature-calt-off text-decoration-none text-strikethrough-none\">sp\u00e9cialis\u00e9 sur le recrutement de fonctions support cadres ;<\/span><\/p><p class=\"cvGsUA direction-ltr align-start para-style-body\"><span class=\"OYPEnA font-feature-liga-off font-feature-clig-off font-feature-calt-off text-decoration-none text-strikethrough-none\">J\u2019ai d\u00e9cid\u00e9 de lancer <\/span><span class=\"OYPEnA font-feature-liga-off font-feature-clig-off font-feature-calt-off text-decoration-none text-strikethrough-none\">NaXam<\/span><span class=\"OYPEnA font-feature-liga-off font-feature-clig-off font-feature-calt-off text-decoration-none text-strikethrough-none\"> afin d\u2019accompagner les PME, ETI et filiales de groupe dans la <\/span><span class=\"OYPEnA font-feature-liga-off font-feature-clig-off font-feature-calt-off text-decoration-none text-strikethrough-none\">croissance de leur business<\/span><span class=\"OYPEnA font-feature-liga-off font-feature-clig-off font-feature-calt-off text-decoration-none text-strikethrough-none\">.<\/span><\/p><p class=\"cvGsUA direction-ltr align-start para-style-body\"><span class=\"OYPEnA font-feature-liga-off font-feature-clig-off font-feature-calt-off text-decoration-none text-strikethrough-none\">Ce que j\u2019aime le plus : <\/span><span class=\"OYPEnA font-feature-liga-off font-feature-clig-off font-feature-calt-off text-decoration-none text-strikethrough-none\">trouver des solutions<\/span><span class=\"OYPEnA font-feature-liga-off font-feature-clig-off font-feature-calt-off text-decoration-none text-strikethrough-none\"> !<\/span><\/p><p class=\"cvGsUA direction-ltr align-start para-style-body\"><span class=\"OYPEnA font-feature-liga-off font-feature-clig-off font-feature-calt-off text-decoration-none text-strikethrough-none\">Passionn\u00e9e par le mode projet, je vous propose de mettre mes comp\u00e9tences \u00e0 <\/span><span class=\"OYPEnA font-feature-liga-off font-feature-clig-off font-feature-calt-off text-decoration-none text-strikethrough-none\">votre service<\/span><span class=\"OYPEnA font-feature-liga-off font-feature-clig-off font-feature-calt-off text-decoration-none text-strikethrough-none\"> pour allier le meilleur des deux mondes :<\/span><\/p><p class=\"cvGsUA direction-ltr align-start para-style-body\"><span class=\"OYPEnA font-feature-liga-off font-feature-clig-off font-feature-calt-off text-decoration-none text-strikethrough-none\">Les atouts des grands groupes tout en conservant l\u2019\u00e9lasticit\u00e9 et la souplesse qui font la force des PME et des ETI !<\/span><\/p><p class=\"cvGsUA direction-ltr align-start para-style-body\"><span class=\"OYPEnA font-feature-liga-off font-feature-clig-off font-feature-calt-off text-decoration-none text-strikethrough-none\">Emilie Bomme<\/span><span class=\"OYPEnA font-feature-liga-off font-feature-clig-off font-feature-calt-off text-decoration-none text-strikethrough-none\">r<\/span><\/p>\t\t\t\t\t\t\t\t<\/div>\n\t\t\t\t<\/div>\n\t\t\t\t<div class=\"elementor-element elementor-element-44a8754 elementor-shape-rounded elementor-grid-0 e-grid-align-center elementor-widget elementor-widget-social-icons\" data-id=\"44a8754\" data-element_type=\"widget\" data-widget_type=\"social-icons.default\">\n\t\t\t\t<div class=\"elementor-widget-container\">\n\t\t\t\t\t\t\t<div class=\"elementor-social-icons-wrapper elementor-grid\">\n\t\t\t\t\t\t\t<span class=\"elementor-grid-item\">\n\t\t\t\t\t<a class=\"elementor-icon elementor-social-icon elementor-social-icon-linkedin elementor-repeater-item-86434de\" href=\"https:\/\/www.linkedin.com\/in\/emiliebommer\/\" target=\"_blank\">\n\t\t\t\t\t\t<span class=\"elementor-screen-only\">Linkedin<\/span>\n\t\t\t\t\t\t<svg aria-hidden=\"true\" class=\"e-font-icon-svg e-fab-linkedin\" viewBox=\"0 0 448 512\" xmlns=\"http:\/\/www.w3.org\/2000\/svg\"><path d=\"M416 32H31.9C14.3 32 0 46.5 0 64.3v383.4C0 465.5 14.3 480 31.9 480H416c17.6 0 32-14.5 32-32.3V64.3c0-17.8-14.4-32.3-32-32.3zM135.4 416H69V202.2h66.5V416zm-33.2-243c-21.3 0-38.5-17.3-38.5-38.5S80.9 96 102.2 96c21.2 0 38.5 17.3 38.5 38.5 0 21.3-17.2 38.5-38.5 38.5zm282.1 243h-66.4V312c0-24.8-.5-56.7-34.5-56.7-34.6 0-39.9 27-39.9 54.9V416h-66.4V202.2h63.7v29.2h.9c8.9-16.8 30.6-34.5 62.9-34.5 67.2 0 79.7 44.3 79.7 101.9V416z\"><\/path><\/svg>\t\t\t\t\t<\/a>\n\t\t\t\t<\/span>\n\t\t\t\t\t<\/div>\n\t\t\t\t\t\t<\/div>\n\t\t\t\t<\/div>\n\t\t\t\t<\/div>\n\t\t\t\t<\/div>\n\t\t\t\t<\/div>\n\t\t","protected":false},"excerpt":{"rendered":"<p>Qui suis-je ? Apr\u00e8s 10 ans en cabinet d\u2019audit-conseil Big 4 en audit financier, projet d\u2019impl\u00e9mentation d\u2019ERP et audit ITGC, en France et au Canada ; plusieurs missions de management de transition et 12 ans en cabinet de recrutement international sp\u00e9cialis\u00e9 sur le recrutement de fonctions support cadres ; J\u2019ai d\u00e9cid\u00e9 de lancer NaXam afin [&hellip;]<\/p>\n","protected":false},"author":1,"featured_media":0,"parent":0,"menu_order":0,"comment_status":"closed","ping_status":"closed","template":"","meta":{"footnotes":""},"class_list":["post-82","page","type-page","status-publish","hentry","entry"],"yoast_head":"<!-- This site is optimized with the Yoast SEO plugin v25.1 - https:\/\/yoast.com\/wordpress\/plugins\/seo\/ -->\n<title>A propos - NaXam<\/title>\n<meta name=\"robots\" content=\"index, follow, max-snippet:-1, max-image-preview:large, max-video-preview:-1\" \/>\n<link rel=\"canonical\" href=\"https:\/\/naxam.fr\/index.php\/qui-sommes-nous\/\" \/>\n<meta property=\"og:locale\" content=\"fr_FR\" \/>\n<meta property=\"og:type\" content=\"article\" \/>\n<meta property=\"og:title\" content=\"A propos - NaXam\" \/>\n<meta property=\"og:description\" content=\"Qui suis-je ? Apr\u00e8s 10 ans en cabinet d\u2019audit-conseil Big 4 en audit financier, projet d\u2019impl\u00e9mentation d\u2019ERP et audit ITGC, en France et au Canada ; plusieurs missions de management de transition et 12 ans en cabinet de recrutement international sp\u00e9cialis\u00e9 sur le recrutement de fonctions support cadres ; J\u2019ai d\u00e9cid\u00e9 de lancer NaXam afin [&hellip;]\" \/>\n<meta property=\"og:url\" content=\"https:\/\/naxam.fr\/index.php\/qui-sommes-nous\/\" \/>\n<meta property=\"og:site_name\" content=\"NaXam\" \/>\n<meta property=\"article:modified_time\" content=\"2025-04-29T14:57:38+00:00\" \/>\n<meta name=\"twitter:card\" content=\"summary_large_image\" \/>\n<meta name=\"twitter:label1\" content=\"Dur\u00e9e de lecture estim\u00e9e\" \/>\n\t<meta name=\"twitter:data1\" content=\"1 minute\" \/>\n<script type=\"application\/ld+json\" class=\"yoast-schema-graph\">{\"@context\":\"https:\/\/schema.org\",\"@graph\":[{\"@type\":\"WebPage\",\"@id\":\"https:\/\/naxam.fr\/index.php\/qui-sommes-nous\/\",\"url\":\"https:\/\/naxam.fr\/index.php\/qui-sommes-nous\/\",\"name\":\"A propos - NaXam\",\"isPartOf\":{\"@id\":\"https:\/\/naxam.fr\/#website\"},\"datePublished\":\"2025-04-01T13:48:18+00:00\",\"dateModified\":\"2025-04-29T14:57:38+00:00\",\"breadcrumb\":{\"@id\":\"https:\/\/naxam.fr\/index.php\/qui-sommes-nous\/#breadcrumb\"},\"inLanguage\":\"fr-FR\",\"potentialAction\":[{\"@type\":\"ReadAction\",\"target\":[\"https:\/\/naxam.fr\/index.php\/qui-sommes-nous\/\"]}]},{\"@type\":\"BreadcrumbList\",\"@id\":\"https:\/\/naxam.fr\/index.php\/qui-sommes-nous\/#breadcrumb\",\"itemListElement\":[{\"@type\":\"ListItem\",\"position\":1,\"name\":\"Accueil\",\"item\":\"https:\/\/naxam.fr\/\"},{\"@type\":\"ListItem\",\"position\":2,\"name\":\"A propos\"}]},{\"@type\":\"WebSite\",\"@id\":\"https:\/\/naxam.fr\/#website\",\"url\":\"https:\/\/naxam.fr\/\",\"name\":\"NaXam\",\"description\":\"People&amp;Process\",\"publisher\":{\"@id\":\"https:\/\/naxam.fr\/#organization\"},\"potentialAction\":[{\"@type\":\"SearchAction\",\"target\":{\"@type\":\"EntryPoint\",\"urlTemplate\":\"https:\/\/naxam.fr\/?s={search_term_string}\"},\"query-input\":{\"@type\":\"PropertyValueSpecification\",\"valueRequired\":true,\"valueName\":\"search_term_string\"}}],\"inLanguage\":\"fr-FR\"},{\"@type\":\"Organization\",\"@id\":\"https:\/\/naxam.fr\/#organization\",\"name\":\"NaXam\",\"url\":\"https:\/\/naxam.fr\/\",\"logo\":{\"@type\":\"ImageObject\",\"inLanguage\":\"fr-FR\",\"@id\":\"https:\/\/naxam.fr\/#\/schema\/logo\/image\/\",\"url\":\"https:\/\/naxam.fr\/wp-content\/uploads\/2025\/03\/cropped-NaXam-site-internet.png\",\"contentUrl\":\"https:\/\/naxam.fr\/wp-content\/uploads\/2025\/03\/cropped-NaXam-site-internet.png\",\"width\":282,\"height\":153,\"caption\":\"NaXam\"},\"image\":{\"@id\":\"https:\/\/naxam.fr\/#\/schema\/logo\/image\/\"},\"sameAs\":[\"https:\/\/www.linkedin.com\/company\/naxam\/\"]}]}<\/script>\n<!-- \/ Yoast SEO plugin. -->","yoast_head_json":{"title":"A propos - NaXam","robots":{"index":"index","follow":"follow","max-snippet":"max-snippet:-1","max-image-preview":"max-image-preview:large","max-video-preview":"max-video-preview:-1"},"canonical":"https:\/\/naxam.fr\/index.php\/qui-sommes-nous\/","og_locale":"fr_FR","og_type":"article","og_title":"A propos - NaXam","og_description":"Qui suis-je ? Apr\u00e8s 10 ans en cabinet d\u2019audit-conseil Big 4 en audit financier, projet d\u2019impl\u00e9mentation d\u2019ERP et audit ITGC, en France et au Canada ; plusieurs missions de management de transition et 12 ans en cabinet de recrutement international sp\u00e9cialis\u00e9 sur le recrutement de fonctions support cadres ; J\u2019ai d\u00e9cid\u00e9 de lancer NaXam afin [&hellip;]","og_url":"https:\/\/naxam.fr\/index.php\/qui-sommes-nous\/","og_site_name":"NaXam","article_modified_time":"2025-04-29T14:57:38+00:00","twitter_card":"summary_large_image","twitter_misc":{"Dur\u00e9e de lecture estim\u00e9e":"1 minute"},"schema":{"@context":"https:\/\/schema.org","@graph":[{"@type":"WebPage","@id":"https:\/\/naxam.fr\/index.php\/qui-sommes-nous\/","url":"https:\/\/naxam.fr\/index.php\/qui-sommes-nous\/","name":"A propos - NaXam","isPartOf":{"@id":"https:\/\/naxam.fr\/#website"},"datePublished":"2025-04-01T13:48:18+00:00","dateModified":"2025-04-29T14:57:38+00:00","breadcrumb":{"@id":"https:\/\/naxam.fr\/index.php\/qui-sommes-nous\/#breadcrumb"},"inLanguage":"fr-FR","potentialAction":[{"@type":"ReadAction","target":["https:\/\/naxam.fr\/index.php\/qui-sommes-nous\/"]}]},{"@type":"BreadcrumbList","@id":"https:\/\/naxam.fr\/index.php\/qui-sommes-nous\/#breadcrumb","itemListElement":[{"@type":"ListItem","position":1,"name":"Accueil","item":"https:\/\/naxam.fr\/"},{"@type":"ListItem","position":2,"name":"A propos"}]},{"@type":"WebSite","@id":"https:\/\/naxam.fr\/#website","url":"https:\/\/naxam.fr\/","name":"NaXam","description":"People&amp;Process","publisher":{"@id":"https:\/\/naxam.fr\/#organization"},"potentialAction":[{"@type":"SearchAction","target":{"@type":"EntryPoint","urlTemplate":"https:\/\/naxam.fr\/?s={search_term_string}"},"query-input":{"@type":"PropertyValueSpecification","valueRequired":true,"valueName":"search_term_string"}}],"inLanguage":"fr-FR"},{"@type":"Organization","@id":"https:\/\/naxam.fr\/#organization","name":"NaXam","url":"https:\/\/naxam.fr\/","logo":{"@type":"ImageObject","inLanguage":"fr-FR","@id":"https:\/\/naxam.fr\/#\/schema\/logo\/image\/","url":"https:\/\/naxam.fr\/wp-content\/uploads\/2025\/03\/cropped-NaXam-site-internet.png","contentUrl":"https:\/\/naxam.fr\/wp-content\/uploads\/2025\/03\/cropped-NaXam-site-internet.png","width":282,"height":153,"caption":"NaXam"},"image":{"@id":"https:\/\/naxam.fr\/#\/schema\/logo\/image\/"},"sameAs":["https:\/\/www.linkedin.com\/company\/naxam\/"]}]}},"_links":{"self":[{"href":"https:\/\/naxam.fr\/index.php\/wp-json\/wp\/v2\/pages\/82","targetHints":{"allow":["GET"]}}],"collection":[{"href":"https:\/\/naxam.fr\/index.php\/wp-json\/wp\/v2\/pages"}],"about":[{"href":"https:\/\/naxam.fr\/index.php\/wp-json\/wp\/v2\/types\/page"}],"author":[{"embeddable":true,"href":"https:\/\/naxam.fr\/index.php\/wp-json\/wp\/v2\/users\/1"}],"replies":[{"embeddable":true,"href":"https:\/\/naxam.fr\/index.php\/wp-json\/wp\/v2\/comments?post=82"}],"version-history":[{"count":30,"href":"https:\/\/naxam.fr\/index.php\/wp-json\/wp\/v2\/pages\/82\/revisions"}],"predecessor-version":[{"id":1026,"href":"https:\/\/naxam.fr\/index.php\/wp-json\/wp\/v2\/pages\/82\/revisions\/1026"}],"wp:attachment":[{"href":"https:\/\/naxam.fr\/index.php\/wp-json\/wp\/v2\/media?parent=82"}],"curies":[{"name":"wp","href":"https:\/\/api.w.org\/{rel}","templated":true}]}}